{"id":743,"date":"2023-04-06T16:03:31","date_gmt":"2023-04-06T16:03:31","guid":{"rendered":"https:\/\/wdtlandscape.be\/?page_id=743"},"modified":"2023-04-17T07:53:15","modified_gmt":"2023-04-17T07:53:15","slug":"entretiens","status":"publish","type":"page","link":"https:\/\/wdtlandscape.be\/?page_id=743","title":{"rendered":"Entretiens"},"content":{"rendered":"\t\t<div data-elementor-type=\"wp-page\" data-elementor-id=\"743\" class=\"elementor elementor-743\">\n\t\t\t\t\t\t<section class=\"elementor-section elementor-top-section elementor-element elementor-element-e4d11a6 elementor-section-boxed elementor-section-height-default elementor-section-height-default\" data-id=\"e4d11a6\" data-element_type=\"section\" data-e-type=\"section\">\n\t\t\t\t\t\t<div class=\"elementor-container elementor-column-gap-default\">\n\t\t\t\t\t<div class=\"elementor-column elementor-col-100 elementor-top-column elementor-element elementor-element-509eced\" data-id=\"509eced\" data-element_type=\"column\" data-e-type=\"column\">\n\t\t\t<div class=\"elementor-widget-wrap elementor-element-populated\">\n\t\t\t\t\t\t<div class=\"elementor-element elementor-element-498c45d elementor-widget elementor-widget-heading\" data-id=\"498c45d\" data-element_type=\"widget\" data-e-type=\"widget\" data-widget_type=\"heading.default\">\n\t\t\t\t<div class=\"elementor-widget-container\">\n\t\t\t\t\t<h1 class=\"elementor-heading-title elementor-size-xxl\">Entretiens<\/h1>\t\t\t\t<\/div>\n\t\t\t\t<\/div>\n\t\t\t\t\t<\/div>\n\t\t<\/div>\n\t\t\t\t\t<\/div>\n\t\t<\/section>\n\t\t\t\t<section class=\"elementor-section elementor-top-section elementor-element elementor-element-cc70264 elementor-section-boxed elementor-section-height-default elementor-section-height-default\" data-id=\"cc70264\" data-element_type=\"section\" data-e-type=\"section\">\n\t\t\t\t\t\t<div class=\"elementor-container elementor-column-gap-default\">\n\t\t\t\t\t<div class=\"elementor-column elementor-col-50 elementor-top-column elementor-element elementor-element-c0ec86c\" data-id=\"c0ec86c\" data-element_type=\"column\" data-e-type=\"column\">\n\t\t\t<div class=\"elementor-widget-wrap elementor-element-populated\">\n\t\t\t\t\t\t<div class=\"elementor-element elementor-element-4fddbf6 elementor-widget elementor-widget-text-editor\" data-id=\"4fddbf6\" data-element_type=\"widget\" data-e-type=\"widget\" data-widget_type=\"text-editor.default\">\n\t\t\t\t<div class=\"elementor-widget-container\">\n\t\t\t\t\t\t\t\t\t<p>L\u2019entretien de votre jardin est r\u00e9alisable de diff\u00e9rentes fa\u00e7ons\u00a0:<\/p><ul><li>A la demande<\/li><li>Sous contrat \u00e0 l\u2019ann\u00e9e<\/li><\/ul><p>Ce service d\u2019entretien englobe d\u2019innombrables postes\u00a0:<\/p><ul><li>Les tailles (plantes ornementales, fruitiers, haies\u2026)<\/li><li>Les tontes<\/li><li>La scarification<\/li><li>Le ramassage de feuilles<\/li><li>Le d\u00e9sherbage m\u00e9canique ou chimique<\/li><li>\u2026<\/li><\/ul><p>Ensemble, nous trouverons la solution pour l\u2019entretien de votre jardin tout au long de l\u2019ann\u00e9e.<\/p>\t\t\t\t\t\t\t\t<\/div>\n\t\t\t\t<\/div>\n\t\t\t\t\t<\/div>\n\t\t<\/div>\n\t\t\t\t<div class=\"elementor-column elementor-col-50 elementor-top-column elementor-element elementor-element-21bb2c5\" data-id=\"21bb2c5\" data-element_type=\"column\" data-e-type=\"column\">\n\t\t\t<div class=\"elementor-widget-wrap elementor-element-populated\">\n\t\t\t\t\t\t<div class=\"elementor-element elementor-element-3beb1be elementor-widget elementor-widget-image-carousel\" data-id=\"3beb1be\" data-element_type=\"widget\" data-e-type=\"widget\" data-settings=\"{&quot;slides_to_show&quot;:&quot;1&quot;,&quot;navigation&quot;:&quot;none&quot;,&quot;autoplay&quot;:&quot;yes&quot;,&quot;pause_on_hover&quot;:&quot;yes&quot;,&quot;pause_on_interaction&quot;:&quot;yes&quot;,&quot;autoplay_speed&quot;:5000,&quot;infinite&quot;:&quot;yes&quot;,&quot;effect&quot;:&quot;slide&quot;,&quot;speed&quot;:500}\" data-widget_type=\"image-carousel.default\">\n\t\t\t\t<div class=\"elementor-widget-container\">\n\t\t\t\t\t\t\t<div class=\"elementor-image-carousel-wrapper swiper\" role=\"region\" aria-roledescription=\"carousel\" aria-label=\"Image Carousel\" dir=\"ltr\">\n\t\t\t<div class=\"elementor-image-carousel swiper-wrapper swiper-image-stretch\" aria-live=\"off\">\n\t\t\t\t\t\t\t\t<div class=\"swiper-slide\" role=\"group\" aria-roledescription=\"slide\" aria-label=\"1 of 5\"><a data-elementor-open-lightbox=\"yes\" data-elementor-lightbox-slideshow=\"3beb1be\" data-elementor-lightbox-title=\"jacmqin avant apr\u00e8s (1)\" data-e-action-hash=\"#elementor-action%3Aaction%3Dlightbox%26settings%3DeyJpZCI6OTIwLCJ1cmwiOiJodHRwczpcL1wvd2R0bGFuZHNjYXBlLmJlXC93cC1jb250ZW50XC91cGxvYWRzXC8yMDIzXC8wNFwvamFjbXFpbi1hdmFudC1hcHJlcy0xLmpwZyIsInNsaWRlc2hvdyI6IjNiZWIxYmUifQ%3D%3D\" href=\"https:\/\/wdtlandscape.be\/wp-content\/uploads\/2023\/04\/jacmqin-avant-apres-1.jpg\"><figure class=\"swiper-slide-inner\"><img decoding=\"async\" class=\"swiper-slide-image\" src=\"https:\/\/wdtlandscape.be\/wp-content\/uploads\/2023\/04\/jacmqin-avant-apres-1-1024x768.jpg\" alt=\"jacmqin avant apr\u00e8s (1)\" \/><\/figure><\/a><\/div><div class=\"swiper-slide\" role=\"group\" aria-roledescription=\"slide\" aria-label=\"2 of 5\"><a data-elementor-open-lightbox=\"yes\" data-elementor-lightbox-slideshow=\"3beb1be\" data-elementor-lightbox-title=\"jacmqin avant apr\u00e8s (2)\" data-e-action-hash=\"#elementor-action%3Aaction%3Dlightbox%26settings%3DeyJpZCI6OTIxLCJ1cmwiOiJodHRwczpcL1wvd2R0bGFuZHNjYXBlLmJlXC93cC1jb250ZW50XC91cGxvYWRzXC8yMDIzXC8wNFwvamFjbXFpbi1hdmFudC1hcHJlcy0yLmpwZyIsInNsaWRlc2hvdyI6IjNiZWIxYmUifQ%3D%3D\" href=\"https:\/\/wdtlandscape.be\/wp-content\/uploads\/2023\/04\/jacmqin-avant-apres-2.jpg\"><figure class=\"swiper-slide-inner\"><img decoding=\"async\" class=\"swiper-slide-image\" src=\"https:\/\/wdtlandscape.be\/wp-content\/uploads\/2023\/04\/jacmqin-avant-apres-2-1024x768.jpg\" alt=\"jacmqin avant apr\u00e8s (2)\" \/><\/figure><\/a><\/div><div class=\"swiper-slide\" role=\"group\" aria-roledescription=\"slide\" aria-label=\"3 of 5\"><a data-elementor-open-lightbox=\"yes\" data-elementor-lightbox-slideshow=\"3beb1be\" data-elementor-lightbox-title=\"taille de printemps\" data-e-action-hash=\"#elementor-action%3Aaction%3Dlightbox%26settings%3DeyJpZCI6OTIzLCJ1cmwiOiJodHRwczpcL1wvd2R0bGFuZHNjYXBlLmJlXC93cC1jb250ZW50XC91cGxvYWRzXC8yMDIzXC8wNFwvdGFpbGxlLWRlLXByaW50ZW1wcy1zY2FsZWQuanBnIiwic2xpZGVzaG93IjoiM2JlYjFiZSJ9\" href=\"https:\/\/wdtlandscape.be\/wp-content\/uploads\/2023\/04\/taille-de-printemps-scaled.jpg\"><figure class=\"swiper-slide-inner\"><img decoding=\"async\" class=\"swiper-slide-image\" src=\"https:\/\/wdtlandscape.be\/wp-content\/uploads\/2023\/04\/taille-de-printemps-1024x768.jpg\" alt=\"taille de printemps\" \/><\/figure><\/a><\/div><div class=\"swiper-slide\" role=\"group\" aria-roledescription=\"slide\" aria-label=\"4 of 5\"><a data-elementor-open-lightbox=\"yes\" data-elementor-lightbox-slideshow=\"3beb1be\" data-elementor-lightbox-title=\"taille fruiti\u00e8re (1)\" data-e-action-hash=\"#elementor-action%3Aaction%3Dlightbox%26settings%3DeyJpZCI6OTI0LCJ1cmwiOiJodHRwczpcL1wvd2R0bGFuZHNjYXBlLmJlXC93cC1jb250ZW50XC91cGxvYWRzXC8yMDIzXC8wNFwvdGFpbGxlLWZydWl0aWVyZS0xLXNjYWxlZC5qcGciLCJzbGlkZXNob3ciOiIzYmViMWJlIn0%3D\" href=\"https:\/\/wdtlandscape.be\/wp-content\/uploads\/2023\/04\/taille-fruitiere-1-scaled.jpg\"><figure class=\"swiper-slide-inner\"><img decoding=\"async\" class=\"swiper-slide-image\" src=\"https:\/\/wdtlandscape.be\/wp-content\/uploads\/2023\/04\/taille-fruitiere-1-1024x768.jpg\" alt=\"taille fruiti\u00e8re (1)\" \/><\/figure><\/a><\/div><div class=\"swiper-slide\" role=\"group\" aria-roledescription=\"slide\" aria-label=\"5 of 5\"><a data-elementor-open-lightbox=\"yes\" data-elementor-lightbox-slideshow=\"3beb1be\" data-elementor-lightbox-title=\"taille fruiti\u00e8re (2)\" data-e-action-hash=\"#elementor-action%3Aaction%3Dlightbox%26settings%3DeyJpZCI6OTI1LCJ1cmwiOiJodHRwczpcL1wvd2R0bGFuZHNjYXBlLmJlXC93cC1jb250ZW50XC91cGxvYWRzXC8yMDIzXC8wNFwvdGFpbGxlLWZydWl0aWVyZS0yLXNjYWxlZC5qcGciLCJzbGlkZXNob3ciOiIzYmViMWJlIn0%3D\" href=\"https:\/\/wdtlandscape.be\/wp-content\/uploads\/2023\/04\/taille-fruitiere-2-scaled.jpg\"><figure class=\"swiper-slide-inner\"><img decoding=\"async\" class=\"swiper-slide-image\" src=\"https:\/\/wdtlandscape.be\/wp-content\/uploads\/2023\/04\/taille-fruitiere-2-1024x768.jpg\" alt=\"taille fruiti\u00e8re (2)\" \/><\/figure><\/a><\/div>\t\t\t<\/div>\n\t\t\t\t\t\t\t\n\t\t\t\t\t\t\t\t\t<\/div>\n\t\t\t\t\t\t<\/div>\n\t\t\t\t<\/div>\n\t\t\t\t\t<\/div>\n\t\t<\/div>\n\t\t\t\t\t<\/div>\n\t\t<\/section>\n\t\t\t\t<\/div>\n\t\t","protected":false},"excerpt":{"rendered":"<p>Entretiens L\u2019entretien de votre jardin est r\u00e9alisable de diff\u00e9rentes fa\u00e7ons\u00a0: A la demande Sous contrat \u00e0 l\u2019ann\u00e9e Ce service d\u2019entretien englobe d\u2019innombrables postes\u00a0: Les tailles [&hellip;]<\/p>\n","protected":false},"author":1,"featured_media":0,"parent":0,"menu_order":0,"comment_status":"closed","ping_status":"closed","template":"elementor_header_footer","meta":{"footnotes":""},"class_list":["post-743","page","type-page","status-publish","hentry"],"_links":{"self":[{"href":"https:\/\/wdtlandscape.be\/index.php?rest_route=\/wp\/v2\/pages\/743","targetHints":{"allow":["GET"]}}],"collection":[{"href":"https:\/\/wdtlandscape.be\/index.php?rest_route=\/wp\/v2\/pages"}],"about":[{"href":"https:\/\/wdtlandscape.be\/index.php?rest_route=\/wp\/v2\/types\/page"}],"author":[{"embeddable":true,"href":"https:\/\/wdtlandscape.be\/index.php?rest_route=\/wp\/v2\/users\/1"}],"replies":[{"embeddable":true,"href":"https:\/\/wdtlandscape.be\/index.php?rest_route=%2Fwp%2Fv2%2Fcomments&post=743"}],"version-history":[{"count":19,"href":"https:\/\/wdtlandscape.be\/index.php?rest_route=\/wp\/v2\/pages\/743\/revisions"}],"predecessor-version":[{"id":1095,"href":"https:\/\/wdtlandscape.be\/index.php?rest_route=\/wp\/v2\/pages\/743\/revisions\/1095"}],"wp:attachment":[{"href":"https:\/\/wdtlandscape.be\/index.php?rest_route=%2Fwp%2Fv2%2Fmedia&parent=743"}],"curies":[{"name":"wp","href":"https:\/\/api.w.org\/{rel}","templated":true}]}}