{"id":741,"date":"2023-04-06T16:02:58","date_gmt":"2023-04-06T16:02:58","guid":{"rendered":"https:\/\/wdtlandscape.be\/?page_id=741"},"modified":"2023-04-19T07:31:59","modified_gmt":"2023-04-19T07:31:59","slug":"gazons","status":"publish","type":"page","link":"https:\/\/wdtlandscape.be\/?page_id=741","title":{"rendered":"Gazons"},"content":{"rendered":"\t\t<div data-elementor-type=\"wp-page\" data-elementor-id=\"741\" class=\"elementor elementor-741\">\n\t\t\t\t\t\t<section class=\"elementor-section elementor-top-section elementor-element elementor-element-21e55d9 elementor-section-boxed elementor-section-height-default elementor-section-height-default\" data-id=\"21e55d9\" data-element_type=\"section\" data-e-type=\"section\">\n\t\t\t\t\t\t<div class=\"elementor-container elementor-column-gap-default\">\n\t\t\t\t\t<div class=\"elementor-column elementor-col-100 elementor-top-column elementor-element elementor-element-95b5085\" data-id=\"95b5085\" data-element_type=\"column\" data-e-type=\"column\">\n\t\t\t<div class=\"elementor-widget-wrap elementor-element-populated\">\n\t\t\t\t\t\t<div class=\"elementor-element elementor-element-378cd0d elementor-widget elementor-widget-heading\" data-id=\"378cd0d\" data-element_type=\"widget\" data-e-type=\"widget\" data-widget_type=\"heading.default\">\n\t\t\t\t<div class=\"elementor-widget-container\">\n\t\t\t\t\t<h1 class=\"elementor-heading-title elementor-size-xxl\">Gazons<\/h1>\t\t\t\t<\/div>\n\t\t\t\t<\/div>\n\t\t\t\t\t<\/div>\n\t\t<\/div>\n\t\t\t\t\t<\/div>\n\t\t<\/section>\n\t\t\t\t<section class=\"elementor-section elementor-top-section elementor-element elementor-element-8fa5b89 elementor-section-boxed elementor-section-height-default elementor-section-height-default\" data-id=\"8fa5b89\" data-element_type=\"section\" data-e-type=\"section\">\n\t\t\t\t\t\t<div class=\"elementor-container elementor-column-gap-default\">\n\t\t\t\t\t<div class=\"elementor-column elementor-col-50 elementor-top-column elementor-element elementor-element-6df8bfa\" data-id=\"6df8bfa\" data-element_type=\"column\" data-e-type=\"column\">\n\t\t\t<div class=\"elementor-widget-wrap elementor-element-populated\">\n\t\t\t\t\t\t<div class=\"elementor-element elementor-element-bc36e7e elementor-invisible elementor-widget elementor-widget-image-carousel\" data-id=\"bc36e7e\" data-element_type=\"widget\" data-e-type=\"widget\" data-settings=\"{&quot;slides_to_show&quot;:&quot;1&quot;,&quot;navigation&quot;:&quot;none&quot;,&quot;_animation&quot;:&quot;fadeInLeft&quot;,&quot;autoplay&quot;:&quot;yes&quot;,&quot;pause_on_hover&quot;:&quot;yes&quot;,&quot;pause_on_interaction&quot;:&quot;yes&quot;,&quot;autoplay_speed&quot;:5000,&quot;infinite&quot;:&quot;yes&quot;,&quot;effect&quot;:&quot;slide&quot;,&quot;speed&quot;:500}\" data-widget_type=\"image-carousel.default\">\n\t\t\t\t<div class=\"elementor-widget-container\">\n\t\t\t\t\t\t\t<div class=\"elementor-image-carousel-wrapper swiper\" role=\"region\" aria-roledescription=\"carousel\" aria-label=\"Image Carousel\" dir=\"ltr\">\n\t\t\t<div class=\"elementor-image-carousel swiper-wrapper\" aria-live=\"off\">\n\t\t\t\t\t\t\t\t<div class=\"swiper-slide\" role=\"group\" aria-roledescription=\"slide\" aria-label=\"1 of 5\"><figure class=\"swiper-slide-inner\"><img decoding=\"async\" class=\"swiper-slide-image\" src=\"https:\/\/wdtlandscape.be\/wp-content\/uploads\/2023\/04\/IMG_5878.jpg\" alt=\"IMG_5878\" \/><\/figure><\/div><div class=\"swiper-slide\" role=\"group\" aria-roledescription=\"slide\" aria-label=\"2 of 5\"><figure class=\"swiper-slide-inner\"><img decoding=\"async\" class=\"swiper-slide-image\" src=\"https:\/\/wdtlandscape.be\/wp-content\/uploads\/2023\/04\/IMG_3001-1024x576.jpg\" alt=\"IMG_3001\" \/><\/figure><\/div><div class=\"swiper-slide\" role=\"group\" aria-roledescription=\"slide\" aria-label=\"3 of 5\"><figure class=\"swiper-slide-inner\"><img decoding=\"async\" class=\"swiper-slide-image\" src=\"https:\/\/wdtlandscape.be\/wp-content\/uploads\/2023\/04\/081.jpg\" alt=\"081\" \/><\/figure><\/div><div class=\"swiper-slide\" role=\"group\" aria-roledescription=\"slide\" aria-label=\"4 of 5\"><figure class=\"swiper-slide-inner\"><img decoding=\"async\" class=\"swiper-slide-image\" src=\"https:\/\/wdtlandscape.be\/wp-content\/uploads\/2023\/04\/079-768x1024.jpg\" alt=\"079\" \/><\/figure><\/div><div class=\"swiper-slide\" role=\"group\" aria-roledescription=\"slide\" aria-label=\"5 of 5\"><figure class=\"swiper-slide-inner\"><img decoding=\"async\" class=\"swiper-slide-image\" src=\"https:\/\/wdtlandscape.be\/wp-content\/uploads\/2023\/04\/IMG_6358-1024x768.jpg\" alt=\"IMG_6358\" \/><\/figure><\/div>\t\t\t<\/div>\n\t\t\t\t\t\t\t\n\t\t\t\t\t\t\t\t\t<\/div>\n\t\t\t\t\t\t<\/div>\n\t\t\t\t<\/div>\n\t\t\t\t\t<\/div>\n\t\t<\/div>\n\t\t\t\t<div class=\"elementor-column elementor-col-50 elementor-top-column elementor-element elementor-element-8dc9914\" data-id=\"8dc9914\" data-element_type=\"column\" data-e-type=\"column\">\n\t\t\t<div class=\"elementor-widget-wrap elementor-element-populated\">\n\t\t\t\t\t\t<div class=\"elementor-element elementor-element-021dbbb elementor-invisible elementor-widget elementor-widget-text-editor\" data-id=\"021dbbb\" data-element_type=\"widget\" data-e-type=\"widget\" data-settings=\"{&quot;_animation&quot;:&quot;fadeInRight&quot;}\" data-widget_type=\"text-editor.default\">\n\t\t\t\t<div class=\"elementor-widget-container\">\n\t\t\t\t\t\t\t\t\t<p>Nous proposons deux types de pose :<\/p>\n<ul>\n<li>En rouleaux<\/li>\n<li>En semis<\/li>\n<\/ul>\n<p>Dans les deux cas, le travail du sol s\u2019effectue de la m\u00eame mani\u00e8re.<\/p><p><br><\/p>\n<p>Une pulv\u00e9risation est n\u00e9cessaire afin d\u2019\u00e9viter la repousse d\u2019herbes ind\u00e9sirables.<\/p><p><br><\/p>\n<p>Ensuite, le gazon est travaill\u00e9 m\u00e9caniquement. Dans un premier temps, \u00e0 l\u2019aide d\u2019une fraise qui d\u00e9compacte le sol&nbsp;; et dans un second temps, \u00e0 l\u2019aide d\u2019une herse qui nivelle le sol.<\/p>\n<p>Les finitions se font au r\u00e2teau.<\/p><p><br><\/p>\n<p>Nous pouvons effectuer une analyse du sol qui nous indiquera quel amendement sera le plus ad\u00e9quat. Ce poste n\u2019est pas obligatoire mais conseill\u00e9 car il existe d\u2019innombrables types de sol. Cette analyse nous permettra d\u2019opter pour les engrais adapt\u00e9s.<\/p><p><br><\/p>\n<p>Le roulage se fait apr\u00e8s germination (en cas d\u2019orage, c\u2019est plus prudent).<\/p><p><br><\/p>\n<p>Un entretien r\u00e9gulier et rigoureux est indispensable pour la bonne \u00e9volution de votre gazon.<\/p>\t\t\t\t\t\t\t\t<\/div>\n\t\t\t\t<\/div>\n\t\t\t\t\t<\/div>\n\t\t<\/div>\n\t\t\t\t\t<\/div>\n\t\t<\/section>\n\t\t\t\t<\/div>\n\t\t","protected":false},"excerpt":{"rendered":"<p>Gazons Nous proposons deux types de pose : En rouleaux En semis Dans les deux cas, le travail du sol s\u2019effectue de la m\u00eame mani\u00e8re. [&hellip;]<\/p>\n","protected":false},"author":1,"featured_media":0,"parent":0,"menu_order":0,"comment_status":"closed","ping_status":"closed","template":"elementor_header_footer","meta":{"footnotes":""},"class_list":["post-741","page","type-page","status-publish","hentry"],"_links":{"self":[{"href":"https:\/\/wdtlandscape.be\/index.php?rest_route=\/wp\/v2\/pages\/741","targetHints":{"allow":["GET"]}}],"collection":[{"href":"https:\/\/wdtlandscape.be\/index.php?rest_route=\/wp\/v2\/pages"}],"about":[{"href":"https:\/\/wdtlandscape.be\/index.php?rest_route=\/wp\/v2\/types\/page"}],"author":[{"embeddable":true,"href":"https:\/\/wdtlandscape.be\/index.php?rest_route=\/wp\/v2\/users\/1"}],"replies":[{"embeddable":true,"href":"https:\/\/wdtlandscape.be\/index.php?rest_route=%2Fwp%2Fv2%2Fcomments&post=741"}],"version-history":[{"count":22,"href":"https:\/\/wdtlandscape.be\/index.php?rest_route=\/wp\/v2\/pages\/741\/revisions"}],"predecessor-version":[{"id":1101,"href":"https:\/\/wdtlandscape.be\/index.php?rest_route=\/wp\/v2\/pages\/741\/revisions\/1101"}],"wp:attachment":[{"href":"https:\/\/wdtlandscape.be\/index.php?rest_route=%2Fwp%2Fv2%2Fmedia&parent=741"}],"curies":[{"name":"wp","href":"https:\/\/api.w.org\/{rel}","templated":true}]}}