{"id":739,"date":"2023-04-06T16:02:29","date_gmt":"2023-04-06T16:02:29","guid":{"rendered":"https:\/\/wdtlandscape.be\/?page_id=739"},"modified":"2023-09-13T08:37:35","modified_gmt":"2023-09-13T08:37:35","slug":"plantations","status":"publish","type":"page","link":"https:\/\/wdtlandscape.be\/?page_id=739","title":{"rendered":"Plantations"},"content":{"rendered":"\t\t<div data-elementor-type=\"wp-page\" data-elementor-id=\"739\" class=\"elementor elementor-739\">\n\t\t\t\t\t\t<section class=\"elementor-section elementor-top-section elementor-element elementor-element-65d4f8a elementor-section-boxed elementor-section-height-default elementor-section-height-default\" data-id=\"65d4f8a\" data-element_type=\"section\" data-e-type=\"section\">\n\t\t\t\t\t\t<div class=\"elementor-container elementor-column-gap-default\">\n\t\t\t\t\t<div class=\"elementor-column elementor-col-100 elementor-top-column elementor-element elementor-element-2266c61\" data-id=\"2266c61\" data-element_type=\"column\" data-e-type=\"column\">\n\t\t\t<div class=\"elementor-widget-wrap elementor-element-populated\">\n\t\t\t\t\t\t<div class=\"elementor-element elementor-element-9804664 elementor-widget elementor-widget-heading\" data-id=\"9804664\" data-element_type=\"widget\" data-e-type=\"widget\" data-widget_type=\"heading.default\">\n\t\t\t\t<div class=\"elementor-widget-container\">\n\t\t\t\t\t<h1 class=\"elementor-heading-title elementor-size-xxl\">Plantations<\/h1>\t\t\t\t<\/div>\n\t\t\t\t<\/div>\n\t\t\t\t\t<\/div>\n\t\t<\/div>\n\t\t\t\t\t<\/div>\n\t\t<\/section>\n\t\t\t\t<section class=\"elementor-section elementor-top-section elementor-element elementor-element-4431f8a elementor-section-boxed elementor-section-height-default elementor-section-height-default\" data-id=\"4431f8a\" data-element_type=\"section\" data-e-type=\"section\">\n\t\t\t\t\t\t<div class=\"elementor-container elementor-column-gap-default\">\n\t\t\t\t\t<div class=\"elementor-column elementor-col-50 elementor-top-column elementor-element elementor-element-3eb6598\" data-id=\"3eb6598\" data-element_type=\"column\" data-e-type=\"column\">\n\t\t\t<div class=\"elementor-widget-wrap elementor-element-populated\">\n\t\t\t\t\t\t<div class=\"elementor-element elementor-element-b6614cd elementor-invisible elementor-widget elementor-widget-image-carousel\" data-id=\"b6614cd\" data-element_type=\"widget\" data-e-type=\"widget\" data-settings=\"{&quot;slides_to_show&quot;:&quot;1&quot;,&quot;navigation&quot;:&quot;none&quot;,&quot;_animation&quot;:&quot;fadeInLeft&quot;,&quot;speed&quot;:600,&quot;autoplay&quot;:&quot;yes&quot;,&quot;pause_on_hover&quot;:&quot;yes&quot;,&quot;pause_on_interaction&quot;:&quot;yes&quot;,&quot;autoplay_speed&quot;:5000,&quot;infinite&quot;:&quot;yes&quot;,&quot;effect&quot;:&quot;slide&quot;}\" data-widget_type=\"image-carousel.default\">\n\t\t\t\t<div class=\"elementor-widget-container\">\n\t\t\t\t\t\t\t<div class=\"elementor-image-carousel-wrapper swiper\" role=\"region\" aria-roledescription=\"carousel\" aria-label=\"Image Carousel\" dir=\"ltr\">\n\t\t\t<div class=\"elementor-image-carousel swiper-wrapper\" aria-live=\"off\">\n\t\t\t\t\t\t\t\t<div class=\"swiper-slide\" role=\"group\" aria-roledescription=\"slide\" aria-label=\"1 of 25\"><figure class=\"swiper-slide-inner\"><img decoding=\"async\" class=\"swiper-slide-image\" src=\"https:\/\/wdtlandscape.be\/wp-content\/uploads\/2023\/09\/Delimitation-parterres-1024x768.jpg\" alt=\"D\u00e9limitation d&#039;un parterre\" \/><figcaption class=\"elementor-image-carousel-caption\">D\u00e9limitation d'un parterre<\/figcaption><\/figure><\/div><div class=\"swiper-slide\" role=\"group\" aria-roledescription=\"slide\" aria-label=\"2 of 25\"><figure class=\"swiper-slide-inner\"><img decoding=\"async\" class=\"swiper-slide-image\" src=\"https:\/\/wdtlandscape.be\/wp-content\/uploads\/2023\/04\/abord-de-piscine.jpg\" alt=\"abord de piscine\" \/><\/figure><\/div><div class=\"swiper-slide\" role=\"group\" aria-roledescription=\"slide\" aria-label=\"3 of 25\"><figure class=\"swiper-slide-inner\"><img decoding=\"async\" class=\"swiper-slide-image\" src=\"https:\/\/wdtlandscape.be\/wp-content\/uploads\/2023\/09\/Parterre-avec-bache-1024x768.jpg\" alt=\"Parterre avec bache\" \/><\/figure><\/div><div class=\"swiper-slide\" role=\"group\" aria-roledescription=\"slide\" aria-label=\"4 of 25\"><figure class=\"swiper-slide-inner\"><img decoding=\"async\" class=\"swiper-slide-image\" src=\"https:\/\/wdtlandscape.be\/wp-content\/uploads\/2023\/04\/053-1024x768.jpg\" alt=\"053\" \/><\/figure><\/div><div class=\"swiper-slide\" role=\"group\" aria-roledescription=\"slide\" aria-label=\"5 of 25\"><figure class=\"swiper-slide-inner\"><img decoding=\"async\" class=\"swiper-slide-image\" src=\"https:\/\/wdtlandscape.be\/wp-content\/uploads\/2023\/04\/amenagements-ccomplets-1-1024x768.jpg\" alt=\"am\u00e9nagements ccomplets (1)\" \/><\/figure><\/div><div class=\"swiper-slide\" role=\"group\" aria-roledescription=\"slide\" aria-label=\"6 of 25\"><figure class=\"swiper-slide-inner\"><img decoding=\"async\" class=\"swiper-slide-image\" src=\"https:\/\/wdtlandscape.be\/wp-content\/uploads\/2023\/04\/IMG_2616-1024x768.jpg\" alt=\"IMG_2616\" \/><\/figure><\/div><div class=\"swiper-slide\" role=\"group\" aria-roledescription=\"slide\" aria-label=\"7 of 25\"><figure class=\"swiper-slide-inner\"><img decoding=\"async\" class=\"swiper-slide-image\" src=\"https:\/\/wdtlandscape.be\/wp-content\/uploads\/2023\/04\/parterre-avec-lamelle-en-acier-corten-1024x768.jpg\" alt=\"parterre avec lamelle en acier corten\" \/><\/figure><\/div><div class=\"swiper-slide\" role=\"group\" aria-roledescription=\"slide\" aria-label=\"8 of 25\"><figure class=\"swiper-slide-inner\"><img decoding=\"async\" class=\"swiper-slide-image\" src=\"https:\/\/wdtlandscape.be\/wp-content\/uploads\/2023\/09\/Parterre-schistes-768x1024.jpg\" alt=\"Parterre schistes\" \/><\/figure><\/div><div class=\"swiper-slide\" role=\"group\" aria-roledescription=\"slide\" aria-label=\"9 of 25\"><figure class=\"swiper-slide-inner\"><img decoding=\"async\" class=\"swiper-slide-image\" src=\"https:\/\/wdtlandscape.be\/wp-content\/uploads\/2023\/04\/parterre-dun-an-1024x768.jpg\" alt=\"parterre d&#039;un an\" \/><\/figure><\/div><div class=\"swiper-slide\" role=\"group\" aria-roledescription=\"slide\" aria-label=\"10 of 25\"><figure class=\"swiper-slide-inner\"><img decoding=\"async\" class=\"swiper-slide-image\" src=\"https:\/\/wdtlandscape.be\/wp-content\/uploads\/2023\/09\/Beauvechain1-1024x768.jpg\" alt=\"Beauvechain1\" \/><\/figure><\/div><div class=\"swiper-slide\" role=\"group\" aria-roledescription=\"slide\" aria-label=\"11 of 25\"><figure class=\"swiper-slide-inner\"><img decoding=\"async\" class=\"swiper-slide-image\" src=\"https:\/\/wdtlandscape.be\/wp-content\/uploads\/2023\/09\/Parterre-copeaux-1024x768.jpg\" alt=\"Parterre copeaux\" \/><\/figure><\/div><div class=\"swiper-slide\" role=\"group\" aria-roledescription=\"slide\" aria-label=\"12 of 25\"><figure class=\"swiper-slide-inner\"><img decoding=\"async\" class=\"swiper-slide-image\" src=\"https:\/\/wdtlandscape.be\/wp-content\/uploads\/2023\/09\/Parterre--1024x768.jpg\" alt=\"Parterre\" \/><\/figure><\/div><div class=\"swiper-slide\" role=\"group\" aria-roledescription=\"slide\" aria-label=\"13 of 25\"><figure class=\"swiper-slide-inner\"><img decoding=\"async\" class=\"swiper-slide-image\" src=\"https:\/\/wdtlandscape.be\/wp-content\/uploads\/2023\/09\/Parterre-azobee-1024x685.jpg\" alt=\"Parterre azob\u00e9e\" \/><\/figure><\/div><div class=\"swiper-slide\" role=\"group\" aria-roledescription=\"slide\" aria-label=\"14 of 25\"><figure class=\"swiper-slide-inner\"><img decoding=\"async\" class=\"swiper-slide-image\" src=\"https:\/\/wdtlandscape.be\/wp-content\/uploads\/2023\/09\/Parterre-bordure-1024x768.jpg\" alt=\"Parterre bordur\u00e9\" \/><\/figure><\/div><div class=\"swiper-slide\" role=\"group\" aria-roledescription=\"slide\" aria-label=\"15 of 25\"><figure class=\"swiper-slide-inner\"><img decoding=\"async\" class=\"swiper-slide-image\" src=\"https:\/\/wdtlandscape.be\/wp-content\/uploads\/2023\/09\/Parterre-copeaux-devanture-1024x768.jpg\" alt=\"Parterre copeaux devanture\" \/><\/figure><\/div><div class=\"swiper-slide\" role=\"group\" aria-roledescription=\"slide\" aria-label=\"16 of 25\"><figure class=\"swiper-slide-inner\"><img decoding=\"async\" class=\"swiper-slide-image\" src=\"https:\/\/wdtlandscape.be\/wp-content\/uploads\/2023\/09\/Parterre1-1024x768.jpg\" alt=\"Parterre1\" \/><\/figure><\/div><div class=\"swiper-slide\" role=\"group\" aria-roledescription=\"slide\" aria-label=\"17 of 25\"><figure class=\"swiper-slide-inner\"><img decoding=\"async\" class=\"swiper-slide-image\" src=\"https:\/\/wdtlandscape.be\/wp-content\/uploads\/2023\/09\/Parterre2-1024x685.jpg\" alt=\"Parterre2\" \/><\/figure><\/div><div class=\"swiper-slide\" role=\"group\" aria-roledescription=\"slide\" aria-label=\"18 of 25\"><figure class=\"swiper-slide-inner\"><img decoding=\"async\" class=\"swiper-slide-image\" src=\"https:\/\/wdtlandscape.be\/wp-content\/uploads\/2023\/09\/Plantation-avec-ecolattes1.jpg\" alt=\"Plantation avec ecolattes1\" \/><\/figure><\/div><div class=\"swiper-slide\" role=\"group\" aria-roledescription=\"slide\" aria-label=\"19 of 25\"><figure class=\"swiper-slide-inner\"><img decoding=\"async\" class=\"swiper-slide-image\" src=\"https:\/\/wdtlandscape.be\/wp-content\/uploads\/2023\/09\/Plantation-avec-ecolattes2-1024x768.jpg\" alt=\"Plantation avec ecolattes2\" \/><\/figure><\/div><div class=\"swiper-slide\" role=\"group\" aria-roledescription=\"slide\" aria-label=\"20 of 25\"><figure class=\"swiper-slide-inner\"><img decoding=\"async\" class=\"swiper-slide-image\" src=\"https:\/\/wdtlandscape.be\/wp-content\/uploads\/2023\/09\/Vierves-1024x768.jpg\" alt=\"Vierves\" \/><\/figure><\/div><div class=\"swiper-slide\" role=\"group\" aria-roledescription=\"slide\" aria-label=\"21 of 25\"><figure class=\"swiper-slide-inner\"><img decoding=\"async\" class=\"swiper-slide-image\" src=\"https:\/\/wdtlandscape.be\/wp-content\/uploads\/2023\/09\/Parterres-avant-1024x768.jpg\" alt=\"Parterre avant mise des copeaux\" \/><figcaption class=\"elementor-image-carousel-caption\">Parterre avant mise des copeaux<\/figcaption><\/figure><\/div><div class=\"swiper-slide\" role=\"group\" aria-roledescription=\"slide\" aria-label=\"22 of 25\"><figure class=\"swiper-slide-inner\"><img decoding=\"async\" class=\"swiper-slide-image\" src=\"https:\/\/wdtlandscape.be\/wp-content\/uploads\/2023\/09\/Parterres-apres-1024x768.jpg\" alt=\"Parterre apr\u00e8s mise des copeaux\" \/><figcaption class=\"elementor-image-carousel-caption\">Parterre apr\u00e8s mise des copeaux<\/figcaption><\/figure><\/div><div class=\"swiper-slide\" role=\"group\" aria-roledescription=\"slide\" aria-label=\"23 of 25\"><figure class=\"swiper-slide-inner\"><img decoding=\"async\" class=\"swiper-slide-image\" src=\"https:\/\/wdtlandscape.be\/wp-content\/uploads\/2023\/09\/Haie1-768x1024.jpg\" alt=\"Tranch\u00e9e pour installation d&#039;une haie vari\u00e9e\" \/><figcaption class=\"elementor-image-carousel-caption\">Tranch\u00e9e pour installation d'une haie vari\u00e9e<\/figcaption><\/figure><\/div><div class=\"swiper-slide\" role=\"group\" aria-roledescription=\"slide\" aria-label=\"24 of 25\"><figure class=\"swiper-slide-inner\"><img decoding=\"async\" class=\"swiper-slide-image\" src=\"https:\/\/wdtlandscape.be\/wp-content\/uploads\/2023\/09\/Haie2-1024x768.jpg\" alt=\"Haie2\" \/><\/figure><\/div><div class=\"swiper-slide\" role=\"group\" aria-roledescription=\"slide\" aria-label=\"25 of 25\"><figure class=\"swiper-slide-inner\"><img decoding=\"async\" class=\"swiper-slide-image\" src=\"https:\/\/wdtlandscape.be\/wp-content\/uploads\/2023\/04\/haie-variee.jpg\" alt=\"haie vari\u00e9e\" \/><\/figure><\/div>\t\t\t<\/div>\n\t\t\t\t\t\t\t\n\t\t\t\t\t\t\t\t\t<\/div>\n\t\t\t\t\t\t<\/div>\n\t\t\t\t<\/div>\n\t\t\t\t\t<\/div>\n\t\t<\/div>\n\t\t\t\t<div class=\"elementor-column elementor-col-50 elementor-top-column elementor-element elementor-element-0348c74\" data-id=\"0348c74\" data-element_type=\"column\" data-e-type=\"column\">\n\t\t\t<div class=\"elementor-widget-wrap elementor-element-populated\">\n\t\t\t\t\t\t<div class=\"elementor-element elementor-element-3cbaed6 elementor-invisible elementor-widget elementor-widget-text-editor\" data-id=\"3cbaed6\" data-element_type=\"widget\" data-e-type=\"widget\" data-settings=\"{&quot;_animation&quot;:&quot;fadeInRight&quot;}\" data-widget_type=\"text-editor.default\">\n\t\t\t\t<div class=\"elementor-widget-container\">\n\t\t\t\t\t\t\t\t\t<h2><span style=\"text-decoration: underline;\"><strong>Les massifs plant\u00e9s :<\/strong><\/span><\/h2><p>Apr\u00e8s plusieurs ann\u00e9es de collaboration, nous avons d\u00e9velopp\u00e9 notre propre style.<\/p><p>Nous aimons combiner diverses vari\u00e9t\u00e9s de plantes afin d\u2019obtenir des massifs qui resteront harmonieux et attrayants tout au long de l\u2019ann\u00e9e.<\/p><p>\u00a0<\/p><p>Nos massifs plant\u00e9s se pr\u00e9sentent de plusieurs mani\u00e8res\u00a0:<\/p><p>\u00a0<\/p><p><strong><span style=\"text-decoration: underline;\">Bordur\u00e9s<\/span><\/strong><br \/>Les d\u00e9limitations des plates-bandes se retrouvent sous diff\u00e9rentes formes\u00a0:<\/p><ul><li style=\"list-style-type: none;\"><ul><li style=\"list-style-type: none;\"><ul><li>Ecolattes (lattes en mat\u00e9riaux composite recycl\u00e9)<\/li><li>Lamelles en azob\u00e9e<\/li><li>Lamelles m\u00e9talliques (acier Corten, zinc\u2026)<\/li><li>Bordures en b\u00e9ton<\/li><li>\u00a0\u2026<\/li><\/ul><\/li><\/ul><\/li><\/ul><p><span style=\"text-decoration: underline;\"><strong>Paill\u00e9s<\/strong><\/span><br \/>Le paillage sert \u00e0 garder un certain taux d\u2019humidit\u00e9 qui pr\u00e9servera une meilleure reprise des plantes en cas de s\u00e9cheresse (attention, ce dernier ne remplace pas un arrosage si il est n\u00e9cessaire) et \u00e9vitera \u00e9galement la prolif\u00e9ration d\u2019adventices ind\u00e9sirables.<\/p><p>\u00a0<\/p><p>Le paillage se pr\u00e9sente sous diff\u00e9rentes formes\u00a0:<\/p><ul><li style=\"list-style-type: none;\"><ul><li style=\"list-style-type: none;\"><ul><li style=\"list-style-type: none;\"><ul><li>Ecorces (diff\u00e9rents types sont disponibles)<\/li><li>Copeaux de schistes<\/li><li>Chanvre ou miscanthus<\/li><li>\u2026<\/li><\/ul><\/li><\/ul><\/li><\/ul><\/li><\/ul><p>\u00a0<\/p><p>\u00a0<\/p><h2><span style=\"text-decoration: underline;\"><strong>Les haies :<\/strong><\/span><\/h2><p>Nous r\u00e9alisons la plantation de haies diverses avec ou sans structure.<\/p><p>\u00a0<\/p>\t\t\t\t\t\t\t\t<\/div>\n\t\t\t\t<\/div>\n\t\t\t\t\t<\/div>\n\t\t<\/div>\n\t\t\t\t\t<\/div>\n\t\t<\/section>\n\t\t\t\t<\/div>\n\t\t","protected":false},"excerpt":{"rendered":"<p>Plantations D\u00e9limitation d&#8217;un parterre Parterre avant mise des copeaux Parterre apr\u00e8s mise des copeaux Tranch\u00e9e pour installation d&#8217;une haie vari\u00e9e Les massifs plant\u00e9s : Apr\u00e8s [&hellip;]<\/p>\n","protected":false},"author":1,"featured_media":0,"parent":0,"menu_order":0,"comment_status":"closed","ping_status":"closed","template":"elementor_header_footer","meta":{"footnotes":""},"class_list":["post-739","page","type-page","status-publish","hentry"],"_links":{"self":[{"href":"https:\/\/wdtlandscape.be\/index.php?rest_route=\/wp\/v2\/pages\/739","targetHints":{"allow":["GET"]}}],"collection":[{"href":"https:\/\/wdtlandscape.be\/index.php?rest_route=\/wp\/v2\/pages"}],"about":[{"href":"https:\/\/wdtlandscape.be\/index.php?rest_route=\/wp\/v2\/types\/page"}],"author":[{"embeddable":true,"href":"https:\/\/wdtlandscape.be\/index.php?rest_route=\/wp\/v2\/users\/1"}],"replies":[{"embeddable":true,"href":"https:\/\/wdtlandscape.be\/index.php?rest_route=%2Fwp%2Fv2%2Fcomments&post=739"}],"version-history":[{"count":52,"href":"https:\/\/wdtlandscape.be\/index.php?rest_route=\/wp\/v2\/pages\/739\/revisions"}],"predecessor-version":[{"id":1263,"href":"https:\/\/wdtlandscape.be\/index.php?rest_route=\/wp\/v2\/pages\/739\/revisions\/1263"}],"wp:attachment":[{"href":"https:\/\/wdtlandscape.be\/index.php?rest_route=%2Fwp%2Fv2%2Fmedia&parent=739"}],"curies":[{"name":"wp","href":"https:\/\/api.w.org\/{rel}","templated":true}]}}