{"id":737,"date":"2023-04-06T16:02:12","date_gmt":"2023-04-06T16:02:12","guid":{"rendered":"https:\/\/wdtlandscape.be\/?page_id=737"},"modified":"2023-09-06T08:57:53","modified_gmt":"2023-09-06T08:57:53","slug":"clotures-palisades","status":"publish","type":"page","link":"https:\/\/wdtlandscape.be\/?page_id=737","title":{"rendered":"Clotures &#038; palissades"},"content":{"rendered":"\t\t<div data-elementor-type=\"wp-page\" data-elementor-id=\"737\" class=\"elementor elementor-737\">\n\t\t\t\t\t\t<section class=\"elementor-section elementor-top-section elementor-element elementor-element-8ec832d elementor-section-boxed elementor-section-height-default elementor-section-height-default\" data-id=\"8ec832d\" data-element_type=\"section\" data-e-type=\"section\">\n\t\t\t\t\t\t<div class=\"elementor-container elementor-column-gap-default\">\n\t\t\t\t\t<div class=\"elementor-column elementor-col-100 elementor-top-column elementor-element elementor-element-a1271d9\" data-id=\"a1271d9\" data-element_type=\"column\" data-e-type=\"column\">\n\t\t\t<div class=\"elementor-widget-wrap elementor-element-populated\">\n\t\t\t\t\t\t<div class=\"elementor-element elementor-element-19247d4 elementor-widget elementor-widget-heading\" data-id=\"19247d4\" data-element_type=\"widget\" data-e-type=\"widget\" data-widget_type=\"heading.default\">\n\t\t\t\t<div class=\"elementor-widget-container\">\n\t\t\t\t\t<h1 class=\"elementor-heading-title elementor-size-xxl\">Cl\u00f4tures et Palissades<\/h1>\t\t\t\t<\/div>\n\t\t\t\t<\/div>\n\t\t\t\t\t<\/div>\n\t\t<\/div>\n\t\t\t\t\t<\/div>\n\t\t<\/section>\n\t\t\t\t<section class=\"elementor-section elementor-top-section elementor-element elementor-element-80b2125 elementor-section-boxed elementor-section-height-default elementor-section-height-default\" data-id=\"80b2125\" data-element_type=\"section\" data-e-type=\"section\">\n\t\t\t\t\t\t<div class=\"elementor-container elementor-column-gap-default\">\n\t\t\t\t\t<div class=\"elementor-column elementor-col-50 elementor-top-column elementor-element elementor-element-173861a\" data-id=\"173861a\" data-element_type=\"column\" data-e-type=\"column\">\n\t\t\t<div class=\"elementor-widget-wrap elementor-element-populated\">\n\t\t\t\t\t\t<div class=\"elementor-element elementor-element-1f4e851 elementor-invisible elementor-widget elementor-widget-image-carousel\" data-id=\"1f4e851\" data-element_type=\"widget\" data-e-type=\"widget\" data-settings=\"{&quot;slides_to_show&quot;:&quot;1&quot;,&quot;navigation&quot;:&quot;none&quot;,&quot;_animation&quot;:&quot;fadeInLeft&quot;,&quot;autoplay&quot;:&quot;yes&quot;,&quot;pause_on_hover&quot;:&quot;yes&quot;,&quot;pause_on_interaction&quot;:&quot;yes&quot;,&quot;autoplay_speed&quot;:5000,&quot;infinite&quot;:&quot;yes&quot;,&quot;effect&quot;:&quot;slide&quot;,&quot;speed&quot;:500}\" data-widget_type=\"image-carousel.default\">\n\t\t\t\t<div class=\"elementor-widget-container\">\n\t\t\t\t\t\t\t<div class=\"elementor-image-carousel-wrapper swiper\" role=\"region\" aria-roledescription=\"carousel\" aria-label=\"Image Carousel\" dir=\"ltr\">\n\t\t\t<div class=\"elementor-image-carousel swiper-wrapper\" aria-live=\"off\">\n\t\t\t\t\t\t\t\t<div class=\"swiper-slide\" role=\"group\" aria-roledescription=\"slide\" aria-label=\"1 of 21\"><figure class=\"swiper-slide-inner\"><img decoding=\"async\" class=\"swiper-slide-image\" src=\"https:\/\/wdtlandscape.be\/wp-content\/uploads\/2023\/09\/Cloturelierre-1024x768.jpg\" alt=\"Cl\u00f4ture m\u00e9tallique avec lierre\" \/><\/figure><\/div><div class=\"swiper-slide\" role=\"group\" aria-roledescription=\"slide\" aria-label=\"2 of 21\"><figure class=\"swiper-slide-inner\"><img decoding=\"async\" class=\"swiper-slide-image\" src=\"https:\/\/wdtlandscape.be\/wp-content\/uploads\/2023\/09\/Bekaert1-1024x768.jpg\" alt=\"Bekaert1\" \/><\/figure><\/div><div class=\"swiper-slide\" role=\"group\" aria-roledescription=\"slide\" aria-label=\"3 of 21\"><figure class=\"swiper-slide-inner\"><img decoding=\"async\" class=\"swiper-slide-image\" src=\"https:\/\/wdtlandscape.be\/wp-content\/uploads\/2023\/04\/panneaux-rehausses-1024x498.jpg\" alt=\"panneaux r\u00e9hauss\u00e9s\" \/><\/figure><\/div><div class=\"swiper-slide\" role=\"group\" aria-roledescription=\"slide\" aria-label=\"4 of 21\"><figure class=\"swiper-slide-inner\"><img decoding=\"async\" class=\"swiper-slide-image\" src=\"https:\/\/wdtlandscape.be\/wp-content\/uploads\/2023\/09\/Cloture-bois1-1024x768.jpg\" alt=\"Cloture bois1\" \/><\/figure><\/div><div class=\"swiper-slide\" role=\"group\" aria-roledescription=\"slide\" aria-label=\"5 of 21\"><figure class=\"swiper-slide-inner\"><img decoding=\"async\" class=\"swiper-slide-image\" src=\"https:\/\/wdtlandscape.be\/wp-content\/uploads\/2023\/09\/Cloture-bois3-1024x768.jpg\" alt=\"Cloture bois3\" \/><\/figure><\/div><div class=\"swiper-slide\" role=\"group\" aria-roledescription=\"slide\" aria-label=\"6 of 21\"><figure class=\"swiper-slide-inner\"><img decoding=\"async\" class=\"swiper-slide-image\" src=\"https:\/\/wdtlandscape.be\/wp-content\/uploads\/2023\/09\/Cloture-bois5-1024x768.jpg\" alt=\"Cloture bois5\" \/><\/figure><\/div><div class=\"swiper-slide\" role=\"group\" aria-roledescription=\"slide\" aria-label=\"7 of 21\"><figure class=\"swiper-slide-inner\"><img decoding=\"async\" class=\"swiper-slide-image\" src=\"https:\/\/wdtlandscape.be\/wp-content\/uploads\/2023\/09\/Cloture-bois6-1024x768.jpg\" alt=\"Cloture bois6\" \/><\/figure><\/div><div class=\"swiper-slide\" role=\"group\" aria-roledescription=\"slide\" aria-label=\"8 of 21\"><figure class=\"swiper-slide-inner\"><img decoding=\"async\" class=\"swiper-slide-image\" src=\"https:\/\/wdtlandscape.be\/wp-content\/uploads\/2023\/09\/Cloture-boisX-1-1024x485.jpg\" alt=\"Cloture boisX-1\" \/><\/figure><\/div><div class=\"swiper-slide\" role=\"group\" aria-roledescription=\"slide\" aria-label=\"9 of 21\"><figure class=\"swiper-slide-inner\"><img decoding=\"async\" class=\"swiper-slide-image\" src=\"https:\/\/wdtlandscape.be\/wp-content\/uploads\/2023\/09\/Cloture-boisX-5-1024x485.jpg\" alt=\"Cloture boisX-5\" \/><\/figure><\/div><div class=\"swiper-slide\" role=\"group\" aria-roledescription=\"slide\" aria-label=\"10 of 21\"><figure class=\"swiper-slide-inner\"><img decoding=\"async\" class=\"swiper-slide-image\" src=\"https:\/\/wdtlandscape.be\/wp-content\/uploads\/2023\/09\/Cloture-boisX-2-1024x485.jpg\" alt=\"Cloture boisX-2\" \/><\/figure><\/div><div class=\"swiper-slide\" role=\"group\" aria-roledescription=\"slide\" aria-label=\"11 of 21\"><figure class=\"swiper-slide-inner\"><img decoding=\"async\" class=\"swiper-slide-image\" src=\"https:\/\/wdtlandscape.be\/wp-content\/uploads\/2023\/09\/Cloture-bois-X3-1024x485.jpg\" alt=\"Cloture bois-X3\" \/><\/figure><\/div><div class=\"swiper-slide\" role=\"group\" aria-roledescription=\"slide\" aria-label=\"12 of 21\"><figure class=\"swiper-slide-inner\"><img decoding=\"async\" class=\"swiper-slide-image\" src=\"https:\/\/wdtlandscape.be\/wp-content\/uploads\/2023\/09\/Cloture-boisX-4-1024x485.jpg\" alt=\"Cloture boisX-4\" \/><\/figure><\/div><div class=\"swiper-slide\" role=\"group\" aria-roledescription=\"slide\" aria-label=\"13 of 21\"><figure class=\"swiper-slide-inner\"><img decoding=\"async\" class=\"swiper-slide-image\" src=\"https:\/\/wdtlandscape.be\/wp-content\/uploads\/2023\/09\/chataignier1-1024x768.jpg\" alt=\"chataignier1\" \/><\/figure><\/div><div class=\"swiper-slide\" role=\"group\" aria-roledescription=\"slide\" aria-label=\"14 of 21\"><figure class=\"swiper-slide-inner\"><img decoding=\"async\" class=\"swiper-slide-image\" src=\"https:\/\/wdtlandscape.be\/wp-content\/uploads\/2023\/04\/lernous-apres-4-1024x768.jpg\" alt=\"lernous apr\u00e8s (4)\" \/><\/figure><\/div><div class=\"swiper-slide\" role=\"group\" aria-roledescription=\"slide\" aria-label=\"15 of 21\"><figure class=\"swiper-slide-inner\"><img decoding=\"async\" class=\"swiper-slide-image\" src=\"https:\/\/wdtlandscape.be\/wp-content\/uploads\/2023\/09\/Palissade-bois1-1024x768.jpg\" alt=\"Palissade bois1\" \/><\/figure><\/div><div class=\"swiper-slide\" role=\"group\" aria-roledescription=\"slide\" aria-label=\"16 of 21\"><figure class=\"swiper-slide-inner\"><img decoding=\"async\" class=\"swiper-slide-image\" src=\"https:\/\/wdtlandscape.be\/wp-content\/uploads\/2023\/09\/Portail1-1024x484.jpg\" alt=\"Portail1\" \/><\/figure><\/div><div class=\"swiper-slide\" role=\"group\" aria-roledescription=\"slide\" aria-label=\"17 of 21\"><figure class=\"swiper-slide-inner\"><img decoding=\"async\" class=\"swiper-slide-image\" src=\"https:\/\/wdtlandscape.be\/wp-content\/uploads\/2023\/09\/Portail2-1024x484.jpg\" alt=\"Portail2\" \/><\/figure><\/div><div class=\"swiper-slide\" role=\"group\" aria-roledescription=\"slide\" aria-label=\"18 of 21\"><figure class=\"swiper-slide-inner\"><img decoding=\"async\" class=\"swiper-slide-image\" src=\"https:\/\/wdtlandscape.be\/wp-content\/uploads\/2023\/04\/portail-bois-exotique-4-1024x220.jpg\" alt=\"portail bois exotique (4)\" \/><\/figure><\/div><div class=\"swiper-slide\" role=\"group\" aria-roledescription=\"slide\" aria-label=\"19 of 21\"><figure class=\"swiper-slide-inner\"><img decoding=\"async\" class=\"swiper-slide-image\" src=\"https:\/\/wdtlandscape.be\/wp-content\/uploads\/2023\/09\/prairie1-1024x498.jpg\" alt=\"prairie1\" \/><\/figure><\/div><div class=\"swiper-slide\" role=\"group\" aria-roledescription=\"slide\" aria-label=\"20 of 21\"><figure class=\"swiper-slide-inner\"><img decoding=\"async\" class=\"swiper-slide-image\" src=\"https:\/\/wdtlandscape.be\/wp-content\/uploads\/2023\/09\/prairie2-498x1024.jpg\" alt=\"prairie2\" \/><\/figure><\/div><div class=\"swiper-slide\" role=\"group\" aria-roledescription=\"slide\" aria-label=\"21 of 21\"><figure class=\"swiper-slide-inner\"><img decoding=\"async\" class=\"swiper-slide-image\" src=\"https:\/\/wdtlandscape.be\/wp-content\/uploads\/2023\/09\/Prairie3-1024x498.jpg\" alt=\"Prairie3\" \/><\/figure><\/div>\t\t\t<\/div>\n\t\t\t\t\t\t\t\n\t\t\t\t\t\t\t\t\t<\/div>\n\t\t\t\t\t\t<\/div>\n\t\t\t\t<\/div>\n\t\t\t\t\t<\/div>\n\t\t<\/div>\n\t\t\t\t<div class=\"elementor-column elementor-col-50 elementor-top-column elementor-element elementor-element-0ceea40\" data-id=\"0ceea40\" data-element_type=\"column\" data-e-type=\"column\">\n\t\t\t<div class=\"elementor-widget-wrap elementor-element-populated\">\n\t\t\t\t\t\t<div class=\"elementor-element elementor-element-9775370 elementor-invisible elementor-widget elementor-widget-text-editor\" data-id=\"9775370\" data-element_type=\"widget\" data-e-type=\"widget\" data-settings=\"{&quot;_animation&quot;:&quot;fadeInRight&quot;}\" data-widget_type=\"text-editor.default\">\n\t\t\t\t<div class=\"elementor-widget-container\">\n\t\t\t\t\t\t\t\t\t<p>Nous nous ferons un plaisir de vous conseiller pour l\u2019installation de cl\u00f4tures et palissades.<\/p><p><br \/>Il existe de nombreuses alternatives.<\/p><p>\u00a0<\/p><p><span style=\"text-decoration: underline;\"><strong>Cl\u00f4tures\u00a0:<\/strong><\/span><\/p><ul><li>Les treillis m\u00e9talliques (s\u2019apparentent aux Gabions)<\/li><li>Cl\u00f4ture de type URSUS (treillis m\u00e9talliques de grandes mailles pos\u00e9s sur des piquets en bois)<\/li><li>Les treillis classiques de type BEKAERT<\/li><li>\u00a0\u2026<\/li><\/ul><p><span style=\"text-decoration: underline;\"><strong>Palissades\u00a0:<\/strong><\/span><\/p><ul><li>Les palissades en bois de conif\u00e8res (disponibles en de nombreuses formes et gabarits, ces palissades sont les plus courantes)<\/li><li>Les palissades en noisetiers (elles offrent un charme naturel et original)<\/li><li>Les palissades en ch\u00e2taigniers (elles sortent de l\u2019ordinaire gr\u00e2ce \u00e0 leur conception atypique)<\/li><li>\u2026<\/li><\/ul><p>Nous pouvons \u00e9galement combiner les deux en faisant pousser des v\u00e9g\u00e9taux de type grimpant<br \/>(lierres\u2026) avec comme support un treillis rigide.<\/p>\t\t\t\t\t\t\t\t<\/div>\n\t\t\t\t<\/div>\n\t\t\t\t\t<\/div>\n\t\t<\/div>\n\t\t\t\t\t<\/div>\n\t\t<\/section>\n\t\t\t\t<\/div>\n\t\t","protected":false},"excerpt":{"rendered":"<p>Cl\u00f4tures et Palissades Nous nous ferons un plaisir de vous conseiller pour l\u2019installation de cl\u00f4tures et palissades. Il existe de nombreuses alternatives. \u00a0 Cl\u00f4tures\u00a0: Les [&hellip;]<\/p>\n","protected":false},"author":1,"featured_media":0,"parent":0,"menu_order":0,"comment_status":"closed","ping_status":"closed","template":"elementor_header_footer","meta":{"footnotes":""},"class_list":["post-737","page","type-page","status-publish","hentry"],"_links":{"self":[{"href":"https:\/\/wdtlandscape.be\/index.php?rest_route=\/wp\/v2\/pages\/737","targetHints":{"allow":["GET"]}}],"collection":[{"href":"https:\/\/wdtlandscape.be\/index.php?rest_route=\/wp\/v2\/pages"}],"about":[{"href":"https:\/\/wdtlandscape.be\/index.php?rest_route=\/wp\/v2\/types\/page"}],"author":[{"embeddable":true,"href":"https:\/\/wdtlandscape.be\/index.php?rest_route=\/wp\/v2\/users\/1"}],"replies":[{"embeddable":true,"href":"https:\/\/wdtlandscape.be\/index.php?rest_route=%2Fwp%2Fv2%2Fcomments&post=737"}],"version-history":[{"count":28,"href":"https:\/\/wdtlandscape.be\/index.php?rest_route=\/wp\/v2\/pages\/737\/revisions"}],"predecessor-version":[{"id":1223,"href":"https:\/\/wdtlandscape.be\/index.php?rest_route=\/wp\/v2\/pages\/737\/revisions\/1223"}],"wp:attachment":[{"href":"https:\/\/wdtlandscape.be\/index.php?rest_route=%2Fwp%2Fv2%2Fmedia&parent=737"}],"curies":[{"name":"wp","href":"https:\/\/api.w.org\/{rel}","templated":true}]}}