{"id":735,"date":"2023-04-06T16:01:24","date_gmt":"2023-04-06T16:01:24","guid":{"rendered":"https:\/\/wdtlandscape.be\/?page_id=735"},"modified":"2023-08-26T18:58:59","modified_gmt":"2023-08-26T18:58:59","slug":"pavages-dallages","status":"publish","type":"page","link":"https:\/\/wdtlandscape.be\/?page_id=735","title":{"rendered":"Pavages &#038; dallages"},"content":{"rendered":"\t\t<div data-elementor-type=\"wp-page\" data-elementor-id=\"735\" class=\"elementor elementor-735\">\n\t\t\t\t\t\t<section class=\"elementor-section elementor-top-section elementor-element elementor-element-5590331 elementor-section-boxed elementor-section-height-default elementor-section-height-default\" data-id=\"5590331\" data-element_type=\"section\" data-e-type=\"section\">\n\t\t\t\t\t\t<div class=\"elementor-container elementor-column-gap-default\">\n\t\t\t\t\t<div class=\"elementor-column elementor-col-100 elementor-top-column elementor-element elementor-element-1b5ffe0\" data-id=\"1b5ffe0\" data-element_type=\"column\" data-e-type=\"column\">\n\t\t\t<div class=\"elementor-widget-wrap elementor-element-populated\">\n\t\t\t\t\t\t<div class=\"elementor-element elementor-element-55fbccc elementor-widget elementor-widget-heading\" data-id=\"55fbccc\" data-element_type=\"widget\" data-e-type=\"widget\" data-widget_type=\"heading.default\">\n\t\t\t\t<div class=\"elementor-widget-container\">\n\t\t\t\t\t<h1 class=\"elementor-heading-title elementor-size-xxl\">Pavages &amp; Dallages<\/h1>\t\t\t\t<\/div>\n\t\t\t\t<\/div>\n\t\t\t\t\t<\/div>\n\t\t<\/div>\n\t\t\t\t\t<\/div>\n\t\t<\/section>\n\t\t\t\t<section class=\"elementor-section elementor-top-section elementor-element elementor-element-f1b0bc2 elementor-section-boxed elementor-section-height-default elementor-section-height-default\" data-id=\"f1b0bc2\" data-element_type=\"section\" data-e-type=\"section\">\n\t\t\t\t\t\t<div class=\"elementor-container elementor-column-gap-default\">\n\t\t\t\t\t<div class=\"elementor-column elementor-col-50 elementor-top-column elementor-element elementor-element-5c47168\" data-id=\"5c47168\" data-element_type=\"column\" data-e-type=\"column\">\n\t\t\t<div class=\"elementor-widget-wrap elementor-element-populated\">\n\t\t\t\t\t\t<div class=\"elementor-element elementor-element-9bea5c6 elementor-invisible elementor-widget elementor-widget-image-carousel\" data-id=\"9bea5c6\" data-element_type=\"widget\" data-e-type=\"widget\" data-settings=\"{&quot;slides_to_show&quot;:&quot;1&quot;,&quot;navigation&quot;:&quot;none&quot;,&quot;_animation&quot;:&quot;fadeInLeft&quot;,&quot;speed&quot;:600,&quot;autoplay&quot;:&quot;yes&quot;,&quot;pause_on_hover&quot;:&quot;yes&quot;,&quot;pause_on_interaction&quot;:&quot;yes&quot;,&quot;autoplay_speed&quot;:5000,&quot;infinite&quot;:&quot;yes&quot;,&quot;effect&quot;:&quot;slide&quot;}\" data-widget_type=\"image-carousel.default\">\n\t\t\t\t<div class=\"elementor-widget-container\">\n\t\t\t\t\t\t\t<div class=\"elementor-image-carousel-wrapper swiper\" role=\"region\" aria-roledescription=\"carousel\" aria-label=\"Image Carousel\" dir=\"ltr\">\n\t\t\t<div class=\"elementor-image-carousel swiper-wrapper\" aria-live=\"off\">\n\t\t\t\t\t\t\t\t<div class=\"swiper-slide\" role=\"group\" aria-roledescription=\"slide\" aria-label=\"1 of 32\"><figure class=\"swiper-slide-inner\"><img decoding=\"async\" class=\"swiper-slide-image\" src=\"https:\/\/wdtlandscape.be\/wp-content\/uploads\/2023\/08\/paves-scies4-1024x768.jpg\" alt=\"Pavage en pav\u00e9s sci\u00e9s\" \/><figcaption class=\"elementor-image-carousel-caption\">Pavage en pav\u00e9s sci\u00e9s<\/figcaption><\/figure><\/div><div class=\"swiper-slide\" role=\"group\" aria-roledescription=\"slide\" aria-label=\"2 of 32\"><figure class=\"swiper-slide-inner\"><img decoding=\"async\" class=\"swiper-slide-image\" src=\"https:\/\/wdtlandscape.be\/wp-content\/uploads\/2023\/08\/paves-scies-1024x768.jpg\" alt=\"Pavage en pav\u00e9s sci\u00e9s\" \/><figcaption class=\"elementor-image-carousel-caption\">Pavage en pav\u00e9s sci\u00e9s<\/figcaption><\/figure><\/div><div class=\"swiper-slide\" role=\"group\" aria-roledescription=\"slide\" aria-label=\"3 of 32\"><figure class=\"swiper-slide-inner\"><img decoding=\"async\" class=\"swiper-slide-image\" src=\"https:\/\/wdtlandscape.be\/wp-content\/uploads\/2023\/08\/paves-scies3-1024x768.jpg\" alt=\"Pavage en pav\u00e9s sci\u00e9s\" \/><figcaption class=\"elementor-image-carousel-caption\">Pavage en pav\u00e9s sci\u00e9s<\/figcaption><\/figure><\/div><div class=\"swiper-slide\" role=\"group\" aria-roledescription=\"slide\" aria-label=\"4 of 32\"><figure class=\"swiper-slide-inner\"><img decoding=\"async\" class=\"swiper-slide-image\" src=\"https:\/\/wdtlandscape.be\/wp-content\/uploads\/2023\/08\/porphyre1-1024x768.jpg\" alt=\"Pavage en pav\u00e9s porphyre\" \/><figcaption class=\"elementor-image-carousel-caption\">Pavage en pav\u00e9s porphyre<\/figcaption><\/figure><\/div><div class=\"swiper-slide\" role=\"group\" aria-roledescription=\"slide\" aria-label=\"5 of 32\"><figure class=\"swiper-slide-inner\"><img decoding=\"async\" class=\"swiper-slide-image\" src=\"https:\/\/wdtlandscape.be\/wp-content\/uploads\/2023\/08\/porphyre-1024x768.jpg\" alt=\"Pavage en pav\u00e9s porphyre\" \/><figcaption class=\"elementor-image-carousel-caption\">Pavage en pav\u00e9s porphyre<\/figcaption><\/figure><\/div><div class=\"swiper-slide\" role=\"group\" aria-roledescription=\"slide\" aria-label=\"6 of 32\"><figure class=\"swiper-slide-inner\"><img decoding=\"async\" class=\"swiper-slide-image\" src=\"https:\/\/wdtlandscape.be\/wp-content\/uploads\/2023\/08\/porphyre2-1024x768.jpg\" alt=\"Pavage en pav\u00e9s porphyre\" \/><figcaption class=\"elementor-image-carousel-caption\">Pavage en pav\u00e9s porphyre<\/figcaption><\/figure><\/div><div class=\"swiper-slide\" role=\"group\" aria-roledescription=\"slide\" aria-label=\"7 of 32\"><figure class=\"swiper-slide-inner\"><img decoding=\"async\" class=\"swiper-slide-image\" src=\"https:\/\/wdtlandscape.be\/wp-content\/uploads\/2023\/08\/pierre-bleue-belge6-1024x768.jpg\" alt=\"Terrasse en pierres bleues belges (30x60cm)\" \/><figcaption class=\"elementor-image-carousel-caption\">Terrasse en pierres bleues belges (30x60cm)<\/figcaption><\/figure><\/div><div class=\"swiper-slide\" role=\"group\" aria-roledescription=\"slide\" aria-label=\"8 of 32\"><figure class=\"swiper-slide-inner\"><img decoding=\"async\" class=\"swiper-slide-image\" src=\"https:\/\/wdtlandscape.be\/wp-content\/uploads\/2023\/08\/pierre-bleue-belge5-1024x768.jpg\" alt=\"Terrasse en pierres bleues belges (15x15cm)\" \/><figcaption class=\"elementor-image-carousel-caption\">Terrasse en pierres bleues belges (15x15cm)<\/figcaption><\/figure><\/div><div class=\"swiper-slide\" role=\"group\" aria-roledescription=\"slide\" aria-label=\"9 of 32\"><figure class=\"swiper-slide-inner\"><img decoding=\"async\" class=\"swiper-slide-image\" src=\"https:\/\/wdtlandscape.be\/wp-content\/uploads\/2023\/08\/pierre-bleue-belge3-1024x768.jpg\" alt=\"Escalier en pierres bleues belges (20x20cm)\" \/><figcaption class=\"elementor-image-carousel-caption\">Escalier en pierres bleues belges (20x20cm)<\/figcaption><\/figure><\/div><div class=\"swiper-slide\" role=\"group\" aria-roledescription=\"slide\" aria-label=\"10 of 32\"><figure class=\"swiper-slide-inner\"><img decoding=\"async\" class=\"swiper-slide-image\" src=\"https:\/\/wdtlandscape.be\/wp-content\/uploads\/2023\/08\/pierre-bleue-belge-1024x737.jpg\" alt=\"All\u00e9e en pierres bleues belges (30x60cm)\" \/><figcaption class=\"elementor-image-carousel-caption\">All\u00e9e en pierres bleues belges (30x60cm)<\/figcaption><\/figure><\/div><div class=\"swiper-slide\" role=\"group\" aria-roledescription=\"slide\" aria-label=\"11 of 32\"><figure class=\"swiper-slide-inner\"><img decoding=\"async\" class=\"swiper-slide-image\" src=\"https:\/\/wdtlandscape.be\/wp-content\/uploads\/2023\/08\/paves-kandla3-1024x768.jpg\" alt=\"All\u00e9e en pav\u00e9s kandla gris sans joints\" \/><figcaption class=\"elementor-image-carousel-caption\">All\u00e9e en pav\u00e9s kandla gris sans joints<\/figcaption><\/figure><\/div><div class=\"swiper-slide\" role=\"group\" aria-roledescription=\"slide\" aria-label=\"12 of 32\"><figure class=\"swiper-slide-inner\"><img decoding=\"async\" class=\"swiper-slide-image\" src=\"https:\/\/wdtlandscape.be\/wp-content\/uploads\/2023\/08\/paves-kandla2-1024x768.jpg\" alt=\"All\u00e9e en pav\u00e9s kandla gris avec joints\" \/><figcaption class=\"elementor-image-carousel-caption\">All\u00e9e en pav\u00e9s kandla gris avec joints<\/figcaption><\/figure><\/div><div class=\"swiper-slide\" role=\"group\" aria-roledescription=\"slide\" aria-label=\"13 of 32\"><figure class=\"swiper-slide-inner\"><img decoding=\"async\" class=\"swiper-slide-image\" src=\"https:\/\/wdtlandscape.be\/wp-content\/uploads\/2023\/08\/klinkers5-1024x768.jpg\" alt=\"Am\u00e9nagement pour jacuzzi en klinkers de r\u00e9cup\u00e9ration\" \/><figcaption class=\"elementor-image-carousel-caption\">Am\u00e9nagement pour jacuzzi en klinkers de r\u00e9cup\u00e9ration<\/figcaption><\/figure><\/div><div class=\"swiper-slide\" role=\"group\" aria-roledescription=\"slide\" aria-label=\"14 of 32\"><figure class=\"swiper-slide-inner\"><img decoding=\"async\" class=\"swiper-slide-image\" src=\"https:\/\/wdtlandscape.be\/wp-content\/uploads\/2023\/08\/klinkers4-1024x768.jpg\" alt=\"Parking en klinkers\" \/><figcaption class=\"elementor-image-carousel-caption\">Parking en klinkers<\/figcaption><\/figure><\/div><div class=\"swiper-slide\" role=\"group\" aria-roledescription=\"slide\" aria-label=\"15 of 32\"><figure class=\"swiper-slide-inner\"><img decoding=\"async\" class=\"swiper-slide-image\" src=\"https:\/\/wdtlandscape.be\/wp-content\/uploads\/2023\/08\/klinkers3-1024x768.jpg\" alt=\"Parking en klinkers\" \/><figcaption class=\"elementor-image-carousel-caption\">Parking en klinkers<\/figcaption><\/figure><\/div><div class=\"swiper-slide\" role=\"group\" aria-roledescription=\"slide\" aria-label=\"16 of 32\"><figure class=\"swiper-slide-inner\"><img decoding=\"async\" class=\"swiper-slide-image\" src=\"https:\/\/wdtlandscape.be\/wp-content\/uploads\/2023\/08\/klinkers2-1024x768.jpg\" alt=\"Parking en klinkers\" \/><figcaption class=\"elementor-image-carousel-caption\">Parking en klinkers<\/figcaption><\/figure><\/div><div class=\"swiper-slide\" role=\"group\" aria-roledescription=\"slide\" aria-label=\"17 of 32\"><figure class=\"swiper-slide-inner\"><img decoding=\"async\" class=\"swiper-slide-image\" src=\"https:\/\/wdtlandscape.be\/wp-content\/uploads\/2023\/08\/gres-cerame1-1024x768.jpg\" alt=\"Terrasse en gr\u00e8s c\u00e9rame\" \/><figcaption class=\"elementor-image-carousel-caption\">Terrasse en gr\u00e8s c\u00e9rame <\/figcaption><\/figure><\/div><div class=\"swiper-slide\" role=\"group\" aria-roledescription=\"slide\" aria-label=\"18 of 32\"><figure class=\"swiper-slide-inner\"><img decoding=\"async\" class=\"swiper-slide-image\" src=\"https:\/\/wdtlandscape.be\/wp-content\/uploads\/2023\/08\/gres-cerame-1024x576.jpg\" alt=\"Terrasse en gr\u00e8s c\u00e9rame\" \/><figcaption class=\"elementor-image-carousel-caption\">Terrasse en gr\u00e8s c\u00e9rame<\/figcaption><\/figure><\/div><div class=\"swiper-slide\" role=\"group\" aria-roledescription=\"slide\" aria-label=\"19 of 32\"><figure class=\"swiper-slide-inner\"><img decoding=\"async\" class=\"swiper-slide-image\" src=\"https:\/\/wdtlandscape.be\/wp-content\/uploads\/2023\/08\/dalle-beton3.jpg\" alt=\"Terrasse en dalles b\u00e9ton\" \/><figcaption class=\"elementor-image-carousel-caption\">Terrasse en dalles b\u00e9ton<\/figcaption><\/figure><\/div><div class=\"swiper-slide\" role=\"group\" aria-roledescription=\"slide\" aria-label=\"20 of 32\"><figure class=\"swiper-slide-inner\"><img decoding=\"async\" class=\"swiper-slide-image\" src=\"https:\/\/wdtlandscape.be\/wp-content\/uploads\/2023\/08\/dalle-beton2.jpg\" alt=\"Terrasse en dalles b\u00e9ton\" \/><figcaption class=\"elementor-image-carousel-caption\">Terrasse en dalles b\u00e9ton<\/figcaption><\/figure><\/div><div class=\"swiper-slide\" role=\"group\" aria-roledescription=\"slide\" aria-label=\"21 of 32\"><figure class=\"swiper-slide-inner\"><img decoding=\"async\" class=\"swiper-slide-image\" src=\"https:\/\/wdtlandscape.be\/wp-content\/uploads\/2023\/08\/dalle-beton1-768x1024.jpg\" alt=\"Terrasse en dalles b\u00e9ton\" \/><figcaption class=\"elementor-image-carousel-caption\">Terrasse en dalles b\u00e9ton<\/figcaption><\/figure><\/div><div class=\"swiper-slide\" role=\"group\" aria-roledescription=\"slide\" aria-label=\"22 of 32\"><figure class=\"swiper-slide-inner\"><img decoding=\"async\" class=\"swiper-slide-image\" src=\"https:\/\/wdtlandscape.be\/wp-content\/uploads\/2023\/08\/dalle-beton.jpg\" alt=\"Terrasse en dalles b\u00e9ton\" \/><figcaption class=\"elementor-image-carousel-caption\">Terrasse en dalles b\u00e9ton<\/figcaption><\/figure><\/div><div class=\"swiper-slide\" role=\"group\" aria-roledescription=\"slide\" aria-label=\"23 of 32\"><figure class=\"swiper-slide-inner\"><img decoding=\"async\" class=\"swiper-slide-image\" src=\"https:\/\/wdtlandscape.be\/wp-content\/uploads\/2023\/08\/gres-hautrage3.jpg\" alt=\"Parking en gr\u00e8s d&#039;Hautrage\" \/><figcaption class=\"elementor-image-carousel-caption\">Parking en gr\u00e8s d'Hautrage<\/figcaption><\/figure><\/div><div class=\"swiper-slide\" role=\"group\" aria-roledescription=\"slide\" aria-label=\"24 of 32\"><figure class=\"swiper-slide-inner\"><img decoding=\"async\" class=\"swiper-slide-image\" src=\"https:\/\/wdtlandscape.be\/wp-content\/uploads\/2023\/08\/gres-hautrage2.jpg\" alt=\"All\u00e9e en gr\u00e8s d&#039;Hautrage\" \/><figcaption class=\"elementor-image-carousel-caption\">All\u00e9e en gr\u00e8s d'Hautrage<\/figcaption><\/figure><\/div><div class=\"swiper-slide\" role=\"group\" aria-roledescription=\"slide\" aria-label=\"25 of 32\"><figure class=\"swiper-slide-inner\"><img decoding=\"async\" class=\"swiper-slide-image\" src=\"https:\/\/wdtlandscape.be\/wp-content\/uploads\/2023\/08\/gres-hautrage1-1024x768.jpg\" alt=\"Parking en gr\u00e8s d&#039;Hautrage\" \/><figcaption class=\"elementor-image-carousel-caption\">Parking en gr\u00e8s d'Hautrage<\/figcaption><\/figure><\/div><div class=\"swiper-slide\" role=\"group\" aria-roledescription=\"slide\" aria-label=\"26 of 32\"><figure class=\"swiper-slide-inner\"><img decoding=\"async\" class=\"swiper-slide-image\" src=\"https:\/\/wdtlandscape.be\/wp-content\/uploads\/2023\/08\/gravier-et-nid2-1024x768.jpg\" alt=\"Emplacement de parking avec nidagravel avant mise du gravier\" \/><figcaption class=\"elementor-image-carousel-caption\">Emplacement de parking avec nidagravel avant mise du gravier<\/figcaption><\/figure><\/div><div class=\"swiper-slide\" role=\"group\" aria-roledescription=\"slide\" aria-label=\"27 of 32\"><figure class=\"swiper-slide-inner\"><img decoding=\"async\" class=\"swiper-slide-image\" src=\"https:\/\/wdtlandscape.be\/wp-content\/uploads\/2023\/08\/gravier-et-nid3-1024x768.jpg\" alt=\"Emplacement de parking en gravier avec nidagravel\" \/><figcaption class=\"elementor-image-carousel-caption\">Emplacement de parking en gravier avec nidagravel<\/figcaption><\/figure><\/div><div class=\"swiper-slide\" role=\"group\" aria-roledescription=\"slide\" aria-label=\"28 of 32\"><figure class=\"swiper-slide-inner\"><img decoding=\"async\" class=\"swiper-slide-image\" src=\"https:\/\/wdtlandscape.be\/wp-content\/uploads\/2023\/08\/gravier-et-nid1.jpg\" alt=\"All\u00e9e en gravier avec nidagravel\" \/><figcaption class=\"elementor-image-carousel-caption\">All\u00e9e en gravier avec nidagravel<\/figcaption><\/figure><\/div><div class=\"swiper-slide\" role=\"group\" aria-roledescription=\"slide\" aria-label=\"29 of 32\"><figure class=\"swiper-slide-inner\"><img decoding=\"async\" class=\"swiper-slide-image\" src=\"https:\/\/wdtlandscape.be\/wp-content\/uploads\/2023\/08\/gravier-et-nid.jpg\" alt=\"All\u00e9e en gravier avec nidagravel\" \/><figcaption class=\"elementor-image-carousel-caption\">All\u00e9e en gravier avec nidagravel<\/figcaption><\/figure><\/div><div class=\"swiper-slide\" role=\"group\" aria-roledescription=\"slide\" aria-label=\"30 of 32\"><figure class=\"swiper-slide-inner\"><img decoding=\"async\" class=\"swiper-slide-image\" src=\"https:\/\/wdtlandscape.be\/wp-content\/uploads\/2023\/04\/un-peu-de-technique.jpg\" alt=\"Association de pav\u00e9s porphyre et dalles b\u00e9ton\" \/><figcaption class=\"elementor-image-carousel-caption\">Association de pav\u00e9s porphyre et dalles b\u00e9ton<\/figcaption><\/figure><\/div><div class=\"swiper-slide\" role=\"group\" aria-roledescription=\"slide\" aria-label=\"31 of 32\"><figure class=\"swiper-slide-inner\"><img decoding=\"async\" class=\"swiper-slide-image\" src=\"https:\/\/wdtlandscape.be\/wp-content\/uploads\/2023\/08\/gres-hautrage5-1024x768.jpg\" alt=\"Association de pierres bleues belges avec gr\u00e8s d&#039;Hautrage\" \/><figcaption class=\"elementor-image-carousel-caption\">Association de pierres bleues belges avec gr\u00e8s d'Hautrage<\/figcaption><\/figure><\/div><div class=\"swiper-slide\" role=\"group\" aria-roledescription=\"slide\" aria-label=\"32 of 32\"><figure class=\"swiper-slide-inner\"><img decoding=\"async\" class=\"swiper-slide-image\" src=\"https:\/\/wdtlandscape.be\/wp-content\/uploads\/2023\/08\/paves-kandla4-1024x768.jpg\" alt=\"Association de pav\u00e9s kandla avec pierres bleues belges\" \/><figcaption class=\"elementor-image-carousel-caption\">Association de pav\u00e9s kandla avec pierres bleues belges<\/figcaption><\/figure><\/div>\t\t\t<\/div>\n\t\t\t\t\t\t\t\n\t\t\t\t\t\t\t\t\t<\/div>\n\t\t\t\t\t\t<\/div>\n\t\t\t\t<\/div>\n\t\t\t\t\t<\/div>\n\t\t<\/div>\n\t\t\t\t<div class=\"elementor-column elementor-col-50 elementor-top-column elementor-element elementor-element-ba7194f\" data-id=\"ba7194f\" data-element_type=\"column\" data-e-type=\"column\">\n\t\t\t<div class=\"elementor-widget-wrap elementor-element-populated\">\n\t\t\t\t\t\t<div class=\"elementor-element elementor-element-2d026a1 elementor-invisible elementor-widget elementor-widget-text-editor\" data-id=\"2d026a1\" data-element_type=\"widget\" data-e-type=\"widget\" data-settings=\"{&quot;_animation&quot;:&quot;fadeInRight&quot;}\" data-widget_type=\"text-editor.default\">\n\t\t\t\t<div class=\"elementor-widget-container\">\n\t\t\t\t\t\t\t\t\t<p><span style=\"text-decoration: underline;\"><strong>Pav\u00e9s sci\u00e9s Belges :<\/strong><\/span><\/p><ul><li>Le pav\u00e9 sci\u00e9 est un pav\u00e9 rustique ayant l\u2019avantage d\u2019\u00eatre sci\u00e9 droit (une table ne bouge pas), contrairement au pav\u00e9 bomb\u00e9.<\/li><li>Celui-ci est plac\u00e9 manuellement sur du stabilis\u00e9 frais afin de former une structure solide.<\/li><li>Ses principaux atouts sont sa r\u00e9sistance \u00e0 l\u2019usure, au temps et sa simplicit\u00e9 d\u2019entretien.<\/li><\/ul><p><span style=\"text-decoration: underline;\"><strong>Pav\u00e9s porphyres :<\/strong><\/span><\/p><ul><li>Le pav\u00e9 porphyre est une roche magmatique. Son grain est tr\u00e8s fin, ce qui lui conf\u00e8re une belle esth\u00e9tique.<\/li><li>Il est mis en place sur stabilis\u00e9 frais afin d&#8217;avoir une pose parfaite. On coule un joint de mortier tr\u00e8s liquide par dessus, ce qui stabilisera toute la structure.<\/li><li>Ces pav\u00e9s sont r\u00e9sistants \u00e0 l&#8217;usure, au gel et peuvent subir une grande pression.<\/li><\/ul><p><span style=\"text-decoration: underline;\"><strong>Pierre bleue belge \u2018l\u2019intemporelle\u2019 :<\/strong><\/span><\/p><ul><li>Cette pierre est disponible en de nombreux formats (15\u00d715, 40\u00d760, etc.).<\/li><li>Celle-ci est pos\u00e9e sur une chape stabilis\u00e9e avec un joint coul\u00e9.<\/li><li>Elle a pour grande qualit\u00e9 de moderniser un ext\u00e9rieur tout en ne vieillissant pas.<\/li><li>Ses principaux atouts sont sa r\u00e9sistance \u00e0 l\u2019usure, au temps et sa simplicit\u00e9<br \/>d\u2019entretien.<\/li><\/ul><p><span style=\"text-decoration: underline;\"><strong>Pav\u00e9s kandla :<\/strong><\/span><\/p><ul><li>C&#8217;est une pierre de sable venant d&#8217;Inde. Il existe en formats carr\u00e9 et rectangulaire dans des coloris tr\u00e8s vari\u00e9s (ocre, assortiment mixte, gris).<\/li><li>On le pose sur stabilis\u00e9 frais avec un joint de mortier coul\u00e9.<\/li><li>Durables et r\u00e9sistants, ils s&#8217;accommodent \u00e9galement \u00e0 tous types d&#8217;habitation.<\/li><\/ul><p><span style=\"text-decoration: underline;\"><strong>Pav\u00e9 b\u00e9ton (type Klinkers) :<\/strong><\/span><\/p><ul><li>Le pav\u00e9 en b\u00e9ton a l\u2019avantage d\u2019exister en de nombreux formats et coloris.<\/li><li>Celui-ci est pos\u00e9 sur une chape stabilis\u00e9e avec un joint au sable blanc.<\/li><li>Son principal atout est son co\u00fbt attractif ; il devient donc une alternative int\u00e9ressante aux am\u00e9nagements en pierres naturelles ou aux parkings bas-de-gamme (en graviers)<\/li><\/ul><p><span style=\"text-decoration: underline;\"><strong>Gr\u00e8s c\u00e9rame :<\/strong><\/span><\/p><ul><li>Le gr\u00e8s c\u00e9rame est un carrelage synth\u00e9tique pr\u00e9vu pour les am\u00e9nagements ext\u00e9rieurs.<\/li><li>Celui-ci est pos\u00e9 sur une chape stabilis\u00e9e avec un joint coul\u00e9.<\/li><li>Ses principaux atouts sont sa r\u00e9sistance aux agents atmosph\u00e9riques et \u00e0 l\u2019usure du temps.<\/li><li>Malgr\u00e9 sa facilit\u00e9 d\u2019entretien, le carrelage ne pr\u00e9sente pas le m\u00eame cachet que peut pr\u00e9senter une pierre naturelle.<\/li><\/ul><p><span style=\"text-decoration: underline;\"><strong>Dalles en b\u00e9ton :<\/strong><\/span><\/p><ul><li>Les dalles en b\u00e9ton ont l\u2019avantage d\u2019exister en de nombreux formats et coloris.<\/li><li>Celles-ci sont pos\u00e9es sur une chape stabilis\u00e9e avec un joint au sable blanc.<\/li><li>Son principal atout est la touche de modernit\u00e9 qu\u2019elle pourrait apporter \u00e0 vos ext\u00e9rieurs.<\/li><\/ul><p><span style=\"text-decoration: underline;\"><strong>Gr\u00e8s d\u2019Hautrage :<\/strong><\/span><\/p><ul><li>Le gr\u00e8s d\u2019Hautrage est pos\u00e9 sur un empierrement grossier de 18cm pr\u00e9c\u00e9d\u00e9 d\u2019un g\u00e9otextile.<\/li><li>Plusieurs couches de finition sont possibles : le gravier calcaire, porphyre, bourgogne, le gravier d\u2019Hautrage, etc.<\/li><li>Ses principaux atouts sont son moindre co\u00fbt et sa facilit\u00e9 d\u2019entretien les premi\u00e8res ann\u00e9es.<\/li><\/ul><p><span style=\"text-decoration: underline;\"><strong>Gravier pos\u00e9 sur nigradavel :<\/strong><\/span><\/p><ul><li>Le nidagravel se pose sur un empierrement fin dam\u00e9 pr\u00e9alablement, ce qui permet d&#8217;obtenir une assise lisse et stable.<\/li><li>Apr\u00e8s placement du nidagravel, une couche de gravier de votre choix viendra masquer les alv\u00e9oles.<\/li><li>Le nidagravel sert \u00e0 stabiliser le gravier. Tout reste en place malgr\u00e9 les all\u00e9es et venues. C&#8217;est \u00e9galement un bon compromis financier par rapport \u00e0 un pavage.\u00a0<\/li><\/ul><ul><li style=\"list-style-type: none;\"><ul><li style=\"list-style-type: none;\">\u00a0<\/li><\/ul><\/li><\/ul>\t\t\t\t\t\t\t\t<\/div>\n\t\t\t\t<\/div>\n\t\t\t\t\t<\/div>\n\t\t<\/div>\n\t\t\t\t\t<\/div>\n\t\t<\/section>\n\t\t\t\t<\/div>\n\t\t","protected":false},"excerpt":{"rendered":"<p>Pavages &#038; Dallages Pavage en pav\u00e9s sci\u00e9s Pavage en pav\u00e9s sci\u00e9s Pavage en pav\u00e9s sci\u00e9s Pavage en pav\u00e9s porphyre Pavage en pav\u00e9s porphyre Pavage en [&hellip;]<\/p>\n","protected":false},"author":1,"featured_media":0,"parent":0,"menu_order":0,"comment_status":"closed","ping_status":"closed","template":"elementor_header_footer","meta":{"footnotes":""},"class_list":["post-735","page","type-page","status-publish","hentry"],"_links":{"self":[{"href":"https:\/\/wdtlandscape.be\/index.php?rest_route=\/wp\/v2\/pages\/735","targetHints":{"allow":["GET"]}}],"collection":[{"href":"https:\/\/wdtlandscape.be\/index.php?rest_route=\/wp\/v2\/pages"}],"about":[{"href":"https:\/\/wdtlandscape.be\/index.php?rest_route=\/wp\/v2\/types\/page"}],"author":[{"embeddable":true,"href":"https:\/\/wdtlandscape.be\/index.php?rest_route=\/wp\/v2\/users\/1"}],"replies":[{"embeddable":true,"href":"https:\/\/wdtlandscape.be\/index.php?rest_route=%2Fwp%2Fv2%2Fcomments&post=735"}],"version-history":[{"count":49,"href":"https:\/\/wdtlandscape.be\/index.php?rest_route=\/wp\/v2\/pages\/735\/revisions"}],"predecessor-version":[{"id":1182,"href":"https:\/\/wdtlandscape.be\/index.php?rest_route=\/wp\/v2\/pages\/735\/revisions\/1182"}],"wp:attachment":[{"href":"https:\/\/wdtlandscape.be\/index.php?rest_route=%2Fwp%2Fv2%2Fmedia&parent=735"}],"curies":[{"name":"wp","href":"https:\/\/api.w.org\/{rel}","templated":true}]}}